{"id":62,"date":"2020-12-02T12:21:52","date_gmt":"2020-12-02T11:21:52","guid":{"rendered":"https:\/\/sites.ifkw.lmu.de\/mpaed2021\/?page_id=62"},"modified":"2020-12-22T12:20:47","modified_gmt":"2020-12-22T11:20:47","slug":"startseite","status":"publish","type":"page","link":"https:\/\/sites.ifkw.lmu.de\/mpaed2021\/","title":{"rendered":"Startseite"},"content":{"rendered":"\n<h5 class=\"wp-block-heading\">Wir begr\u00fc\u00dfen Sie ganz herzlich auf der Tagungsseite zur <strong>gemeinsamen Herbsttagung der Sektion und Fachgruppe Medienp\u00e4dagogik (DGfE und DGPuK)<\/strong>.<\/h5>\n\n\n\n<p>Unsere mediale Umwelt ver\u00e4ndert sich zusehends: W\u00e4hrend vor nicht allzu langer Zeit Massenmedien die zentrale Integrationsfunktion zugeschrieben wurde, stehen wir heute vor einem stetig wachsenden Angebot an Kommunikationskan\u00e4len, deren Nutzung \u2013 neben positiven Aspekten wie Vernetzung und allgemeiner Zug\u00e4nglichkeit \u2013 auch mit Ph\u00e4nomenen wie Fragmentierung und Polarisierung in Verbindung gebracht wird. Parallel wird in der \u00f6ffentlichen Wahrnehmung zunehmend die Bedeutung des gesellschaftlichen Zusammenhaltes diskutiert. Aus medien-, kommunikations-, und erziehungswissenschaftlicher Perspektive stellt sich daher die Frage, inwiefern diese medialen Ver\u00e4nderungen den gesellschaftlichen Zusammenhalt beeinflussen.<\/p>\n\n\n\n<p>Wir wollen im Rahmen der Fachtagung unter dem Titel \u201e<span class=\"has-inline-color has-accent-2-color\"><strong>Gesellschaftlicher Zusammenhalt: Kommunikation und Konsens<\/strong><\/span>\u201c diesen Fragen nachgehen und laden Sie herzlich ein, sich mit Ihren interdisziplin\u00e4ren Forschungsbeitr\u00e4gen zu beteiligen.<\/p>\n","protected":false},"excerpt":{"rendered":"<p>Wir begr\u00fc\u00dfen Sie ganz herzlich auf der Tagungsseite zur gemeinsamen Herbsttagung der Sektion und Fachgruppe Medienp\u00e4dagogik (DGfE und DGPuK). Unsere mediale Umwelt ver\u00e4ndert sich zusehends: W\u00e4hrend vor nicht allzu langer Zeit Massenmedien die zentrale Integrationsfunktion zugeschrieben wurde, stehen wir heute vor einem stetig wachsenden Angebot an Kommunikationskan\u00e4len, deren Nutzung \u2013 &hellip;<\/p>\n","protected":false},"author":11,"featured_media":0,"parent":0,"menu_order":0,"comment_status":"closed","ping_status":"closed","template":"","meta":{"ngg_post_thumbnail":0,"footnotes":""},"class_list":["post-62","page","type-page","status-publish","hentry"],"_links":{"self":[{"href":"https:\/\/sites.ifkw.lmu.de\/mpaed2021\/wp-json\/wp\/v2\/pages\/62","targetHints":{"allow":["GET"]}}],"collection":[{"href":"https:\/\/sites.ifkw.lmu.de\/mpaed2021\/wp-json\/wp\/v2\/pages"}],"about":[{"href":"https:\/\/sites.ifkw.lmu.de\/mpaed2021\/wp-json\/wp\/v2\/types\/page"}],"author":[{"embeddable":true,"href":"https:\/\/sites.ifkw.lmu.de\/mpaed2021\/wp-json\/wp\/v2\/users\/11"}],"replies":[{"embeddable":true,"href":"https:\/\/sites.ifkw.lmu.de\/mpaed2021\/wp-json\/wp\/v2\/comments?post=62"}],"version-history":[{"count":12,"href":"https:\/\/sites.ifkw.lmu.de\/mpaed2021\/wp-json\/wp\/v2\/pages\/62\/revisions"}],"predecessor-version":[{"id":368,"href":"https:\/\/sites.ifkw.lmu.de\/mpaed2021\/wp-json\/wp\/v2\/pages\/62\/revisions\/368"}],"wp:attachment":[{"href":"https:\/\/sites.ifkw.lmu.de\/mpaed2021\/wp-json\/wp\/v2\/media?parent=62"}],"curies":[{"name":"wp","href":"https:\/\/api.w.org\/{rel}","templated":true}]}}