{"id":46,"date":"2020-12-01T10:54:03","date_gmt":"2020-12-01T09:54:03","guid":{"rendered":"https:\/\/sites.ifkw.lmu.de\/mpaed2021\/?page_id=46"},"modified":"2021-05-12T15:18:34","modified_gmt":"2021-05-12T13:18:34","slug":"impressum","status":"publish","type":"page","link":"https:\/\/sites.ifkw.lmu.de\/mpaed2021\/impressum\/","title":{"rendered":"Kontakt &amp; Impressum"},"content":{"rendered":"\n<h4 class=\"wp-block-heading\"><strong>Tagungsorganisation<\/strong><\/h4>\n\n\n\n<p>Sie erreichen die Tagungsorganisation unter <a href=\"mailto:mpaed2021@medienpaed.com\">mpaed2021@medienpaed.com<\/a><\/p>\n\n\n\n<figure class=\"wp-block-table\"><table><tbody><tr><td><div class=\"wp-block-image is-style-rounded\"><figure class=\"aligncenter is-resized\"><img loading=\"lazy\" decoding=\"async\" src=\"https:\/\/www.uni-leipzig.de\/fileadmin\/_processed_\/7\/9\/csm_2019_SonjaGanguin_neu_PeterKomarowski_b524b0c5be.jpg\" alt=\"\" width=\"128\" height=\"128\"><figcaption>Sonja Ganguin<\/figcaption><\/figure><\/div><\/td><td><div class=\"wp-block-image is-style-rounded\"><figure class=\"aligncenter is-resized\"><img loading=\"lazy\" decoding=\"async\" src=\"http:\/\/sites.ifkw.lmu.de\/mpaed2021\/wp-content\/uploads\/sites\/7\/2020\/12\/foto_rummler-2-e1608235017407.jpg\" alt=\"\" width=\"128\" height=\"128\"><figcaption>Klaus Rummler<\/figcaption><\/figure><\/div><\/td><td><div class=\"wp-block-image is-style-rounded\"><figure class=\"aligncenter is-resized\"><img loading=\"lazy\" decoding=\"async\" src=\"http:\/\/sites.ifkw.lmu.de\/mpaed2021\/wp-content\/uploads\/sites\/7\/2021\/03\/thorsten-naab.jpg\" alt=\"\" width=\"128\" height=\"128\"><figcaption>Thorsten Naab<\/figcaption><\/figure><\/div><\/td><td><div class=\"wp-block-image is-style-rounded\"><figure class=\"aligncenter is-resized\"><img loading=\"lazy\" decoding=\"async\" src=\"http:\/\/sites.ifkw.lmu.de\/mpaed2021\/wp-content\/uploads\/sites\/7\/2020\/12\/r.festl_1800px-e1608234753853.jpg\" alt=\"\" width=\"128\" height=\"128\"><figcaption>Ruth Festl<\/figcaption><\/figure><\/div><\/td><\/tr><\/tbody><\/table><\/figure>\n\n\n\n<h5 class=\"wp-block-heading\">Ausrichtendes Institut<\/h5>\n\n\n\n<div class=\"wp-block-image\"><figure class=\"alignleft size-large is-resized\"><img loading=\"lazy\" decoding=\"async\" src=\"https:\/\/sites.ifkw.lmu.de\/mpaed2021\/wp-content\/uploads\/sites\/7\/2020\/12\/uni_leipzig_logo_v2-1024x360.png\" alt=\"\" class=\"wp-image-231\" width=\"246\" height=\"86\" srcset=\"https:\/\/sites.ifkw.lmu.de\/mpaed2021\/wp-content\/uploads\/sites\/7\/2020\/12\/uni_leipzig_logo_v2-1024x360.png 1024w, https:\/\/sites.ifkw.lmu.de\/mpaed2021\/wp-content\/uploads\/sites\/7\/2020\/12\/uni_leipzig_logo_v2-300x105.png 300w, https:\/\/sites.ifkw.lmu.de\/mpaed2021\/wp-content\/uploads\/sites\/7\/2020\/12\/uni_leipzig_logo_v2-768x270.png 768w, https:\/\/sites.ifkw.lmu.de\/mpaed2021\/wp-content\/uploads\/sites\/7\/2020\/12\/uni_leipzig_logo_v2-997x350.png 997w, https:\/\/sites.ifkw.lmu.de\/mpaed2021\/wp-content\/uploads\/sites\/7\/2020\/12\/uni_leipzig_logo_v2.png 1088w\" sizes=\"auto, (max-width: 246px) 100vw, 246px\" \/><\/figure><\/div>\n\n\n\n<a href=\"https:\/\/www.uni-leipzig.de\/personenprofil\/mitarbeiter\/prof-dr-sonja-ganguin\/\" target=\"_blank\" rel=\"noopener noreferrer\">Prof. Dr. Sonja Ganguin<\/a>\n\n\n\n<p>Professorin f\u00fcr Medienkompetenz- und Aneignungsforschung &amp; Direktorin des Zentrums f\u00fcr Medien und Kommunikation der Universit\u00e4t Leipzig<\/p>\n\n\n\n<br><br>\n\n\n\n<hr class=\"wp-block-separator is-style-wide\" \/>\n\n\n\n<h5 class=\"wp-block-heading\">Kooperationspartner<\/h5>\n\n\n\n<div class=\"wp-block-image\"><figure class=\"alignleft size-large is-resized\"><img loading=\"lazy\" decoding=\"async\" src=\"https:\/\/sites.ifkw.lmu.de\/mpaed2021\/wp-content\/uploads\/sites\/7\/2020\/12\/Logo_Sektion_Medienpaedagogik_h150.jpg\" alt=\"\" class=\"wp-image-199\" width=\"381\" height=\"82\" srcset=\"https:\/\/sites.ifkw.lmu.de\/mpaed2021\/wp-content\/uploads\/sites\/7\/2020\/12\/Logo_Sektion_Medienpaedagogik_h150.jpg 695w, https:\/\/sites.ifkw.lmu.de\/mpaed2021\/wp-content\/uploads\/sites\/7\/2020\/12\/Logo_Sektion_Medienpaedagogik_h150-300x65.jpg 300w\" sizes=\"auto, (max-width: 381px) 100vw, 381px\" \/><figcaption>DGfE Deutsche Gesellschaft f\u00fcr Erziehungswissenschaften | <a target=\"_blank\" href=\"https:\/\/www.dgfe.de\/sektionen-kommissionen-ag\/sektion-12-medienpaedagogik\" rel=\"noopener noreferrer\">Sektion Medienp\u00e4dagogik<\/a><\/figcaption><\/figure><\/div>\n\n\n\n<div class=\"wp-block-image\"><figure class=\"alignleft size-large is-resized\"><img loading=\"lazy\" decoding=\"async\" src=\"https:\/\/sites.ifkw.lmu.de\/mpaed2021\/wp-content\/uploads\/sites\/7\/2020\/12\/Logo_dgpuk_FG_neu-1024x154.png\" alt=\"\" class=\"wp-image-209\" width=\"520\" height=\"77\" srcset=\"https:\/\/sites.ifkw.lmu.de\/mpaed2021\/wp-content\/uploads\/sites\/7\/2020\/12\/Logo_dgpuk_FG_neu-1024x154.png 1024w, https:\/\/sites.ifkw.lmu.de\/mpaed2021\/wp-content\/uploads\/sites\/7\/2020\/12\/Logo_dgpuk_FG_neu-300x45.png 300w, https:\/\/sites.ifkw.lmu.de\/mpaed2021\/wp-content\/uploads\/sites\/7\/2020\/12\/Logo_dgpuk_FG_neu-768x115.png 768w, https:\/\/sites.ifkw.lmu.de\/mpaed2021\/wp-content\/uploads\/sites\/7\/2020\/12\/Logo_dgpuk_FG_neu-1536x231.png 1536w, https:\/\/sites.ifkw.lmu.de\/mpaed2021\/wp-content\/uploads\/sites\/7\/2020\/12\/Logo_dgpuk_FG_neu-2048x307.png 2048w, https:\/\/sites.ifkw.lmu.de\/mpaed2021\/wp-content\/uploads\/sites\/7\/2020\/12\/Logo_dgpuk_FG_neu-1380x207.png 1380w\" sizes=\"auto, (max-width: 520px) 100vw, 520px\" \/><figcaption>DGPuK Deutsche Gesellschaft f\u00fcr Publizistik und Kommunikationswissenschaften | <a target=\"_blank\" href=\"https:\/\/www.dgpuk.de\/de\/medienp%C3%A4dagogik.html\" rel=\"noopener noreferrer\">Fachgruppe Medienp\u00e4dagogik<\/a><\/figcaption><\/figure><\/div>\n\n\n\n<br><br><br><br><br><br><br><br>\n\n\n\n<hr class=\"wp-block-separator is-style-wide\" \/>\n\n\n\n<h5 class=\"wp-block-heading\">Mit freundlicher Unterst\u00fctzung<\/h5>\n\n\n\n<div class=\"wp-block-image\"><figure class=\"alignleft size-large is-resized\"><img loading=\"lazy\" decoding=\"async\" src=\"http:\/\/sites.ifkw.lmu.de\/mpaed2021\/wp-content\/uploads\/sites\/7\/2021\/03\/2019_05_Zentrum_Journalismus-01.jpg\" alt=\"\" class=\"wp-image-231\" width=\"246\" height=\"86\"><\/figure><\/div>\n\n\n\n<p class=\"has-text-align-left\">Das <b><strong>Zentrum Journalismus und Demokratie<\/strong><\/b> (JoDem) der Universit\u00e4t Leipzig widmet sich dem Thema Vertrauen in Medien und Politik. Als interdisziplin\u00e4re Einrichtung verbindet JoDem Perspektiven der Kommunikations- und Medienwissenschaft, der Politikwissenschaft und der Erziehungswissenschaft.<\/p>\n\n\n\n<br><br>\n\n\n\n<hr class=\"wp-block-separator is-style-wide\" \/>\n\n\n\n<h5>Technischer Support<\/h5>\n\n\n\n<p><a href=\"mailto:jessica.kuehn@ifkw.lmu.de\">Jessica K\u00fchn<\/a> (Nachwuchssprecherin der Fachgruppe Medienp\u00e4dagogik (DGPuK), IfKW M\u00fcnchen)<\/p>\n\n\n\n<p>Anneke Elsner (wissenschaftliche Hilfskraft an der Professur f\u00fcr Medienkompetenz- und Aneignungsforschung, Universit\u00e4t Leipzig)<\/p>\n\n\n\n<p><\/p>\n","protected":false},"excerpt":{"rendered":"<p>Tagungsorganisation Sie erreichen die Tagungsorganisation unter mpaed2021@medienpaed.com Sonja Ganguin Klaus Rummler Thorsten Naab Ruth Festl Ausrichtendes Institut Prof. Dr. Sonja Ganguin Professorin f\u00fcr Medienkompetenz- und Aneignungsforschung &amp; Direktorin des Zentrums f\u00fcr Medien und Kommunikation der Universit\u00e4t Leipzig Kooperationspartner Mit freundlicher Unterst\u00fctzung Das Zentrum Journalismus und Demokratie (JoDem) der Universit\u00e4t Leipzig &hellip;<\/p>\n","protected":false},"author":11,"featured_media":0,"parent":0,"menu_order":0,"comment_status":"closed","ping_status":"closed","template":"","meta":{"ngg_post_thumbnail":0,"footnotes":""},"class_list":["post-46","page","type-page","status-publish","hentry"],"_links":{"self":[{"href":"https:\/\/sites.ifkw.lmu.de\/mpaed2021\/wp-json\/wp\/v2\/pages\/46","targetHints":{"allow":["GET"]}}],"collection":[{"href":"https:\/\/sites.ifkw.lmu.de\/mpaed2021\/wp-json\/wp\/v2\/pages"}],"about":[{"href":"https:\/\/sites.ifkw.lmu.de\/mpaed2021\/wp-json\/wp\/v2\/types\/page"}],"author":[{"embeddable":true,"href":"https:\/\/sites.ifkw.lmu.de\/mpaed2021\/wp-json\/wp\/v2\/users\/11"}],"replies":[{"embeddable":true,"href":"https:\/\/sites.ifkw.lmu.de\/mpaed2021\/wp-json\/wp\/v2\/comments?post=46"}],"version-history":[{"count":97,"href":"https:\/\/sites.ifkw.lmu.de\/mpaed2021\/wp-json\/wp\/v2\/pages\/46\/revisions"}],"predecessor-version":[{"id":467,"href":"https:\/\/sites.ifkw.lmu.de\/mpaed2021\/wp-json\/wp\/v2\/pages\/46\/revisions\/467"}],"wp:attachment":[{"href":"https:\/\/sites.ifkw.lmu.de\/mpaed2021\/wp-json\/wp\/v2\/media?parent=46"}],"curies":[{"name":"wp","href":"https:\/\/api.w.org\/{rel}","templated":true}]}}