{"id":44,"date":"2020-12-01T10:54:02","date_gmt":"2020-12-01T09:54:02","guid":{"rendered":"https:\/\/sites.ifkw.lmu.de\/mpaed2021\/?page_id=44"},"modified":"2021-07-02T09:42:20","modified_gmt":"2021-07-02T07:42:20","slug":"tagungsinformationen","status":"publish","type":"page","link":"https:\/\/sites.ifkw.lmu.de\/mpaed2021\/tagungsinformationen\/","title":{"rendered":"Tagungsinfos"},"content":{"rendered":"\n<p><strong>Die Tagung wird als gemeinsame Herbsttagung der Sektion und Fachgruppe Medienp\u00e4dagogik (DGfE und DGPuK) am 16. und 17. September 2021 online stattfinden.<\/strong><\/p>\n\n\n\n<br>\n\n\n\n<h5 class=\"wp-block-heading\">Ausrichtendes Institut<\/h5>\n\n\n\n<p>Die <strong><span class=\"has-inline-color has-accent-2-color\">Universit\u00e4t Leipzig<\/span><\/strong> hat eine mehr als 600 Jahre lange Tradition und viele weltber\u00fchmte Alumni. Die einmalige F\u00e4chervielfalt, das internationale Netzwerk und das reiche Kulturleben stehen f\u00fcr das Studieren und wissenschaftliche Arbeiten in Leipzig.<\/p>\n\n\n\n<div class=\"wp-block-image\"><figure class=\"alignleft size-large is-resized\"><img loading=\"lazy\" decoding=\"async\" src=\"http:\/\/sites.ifkw.lmu.de\/mpaed2021\/wp-content\/uploads\/sites\/7\/2020\/12\/2017_Campus-AP-Augusteum-Paulinum_9868_UL-Kopie.jpg\" alt=\"\" class=\"wp-image-215\" width=\"253\" height=\"164\" \/><\/figure><\/div>\n\n\n\n<p><\/p>\n\n\n\n<p><strong>Das <span class=\"has-inline-color has-accent-2-color\">Zentrum f\u00fcr Medien und Kommunikation (ZMK)<\/span> ist eine zentrale Einrichtung der Universit\u00e4t Leipzig.<\/strong> <\/p>\n\n\n\n<p>Das ZMK bietet professionellen und kompetenten Service im Bereich der Anwendung und Produktion auditiver, audiovisueller und digitaler Medien. Dies umfasst insbesondere die Unterst\u00fctzung von Lehre, Forschung und \u00d6ffentlichkeitsarbeit, sowie die Beratung im Hinblick auf mediendidaktische und medientechnische Fragen. <\/p>\n\n\n\n<br>\n\n\n\n<h5 class=\"wp-block-heading\">Informationen zum Tagungsformat<\/h5>\n\n\n\n<p>Die Veranstaltung wird als online Tagungsformat mit Panelsessions geplant.<\/p>\n","protected":false},"excerpt":{"rendered":"<p>Die Tagung wird als gemeinsame Herbsttagung der Sektion und Fachgruppe Medienp\u00e4dagogik (DGfE und DGPuK) am 16. und 17. September 2021 online stattfinden. Ausrichtendes Institut Die Universit\u00e4t Leipzig hat eine mehr als 600 Jahre lange Tradition und viele weltber\u00fchmte Alumni. Die einmalige F\u00e4chervielfalt, das internationale Netzwerk und das reiche Kulturleben stehen &hellip;<\/p>\n","protected":false},"author":11,"featured_media":0,"parent":0,"menu_order":0,"comment_status":"closed","ping_status":"closed","template":"","meta":{"ngg_post_thumbnail":0,"footnotes":""},"class_list":["post-44","page","type-page","status-publish","hentry"],"_links":{"self":[{"href":"https:\/\/sites.ifkw.lmu.de\/mpaed2021\/wp-json\/wp\/v2\/pages\/44","targetHints":{"allow":["GET"]}}],"collection":[{"href":"https:\/\/sites.ifkw.lmu.de\/mpaed2021\/wp-json\/wp\/v2\/pages"}],"about":[{"href":"https:\/\/sites.ifkw.lmu.de\/mpaed2021\/wp-json\/wp\/v2\/types\/page"}],"author":[{"embeddable":true,"href":"https:\/\/sites.ifkw.lmu.de\/mpaed2021\/wp-json\/wp\/v2\/users\/11"}],"replies":[{"embeddable":true,"href":"https:\/\/sites.ifkw.lmu.de\/mpaed2021\/wp-json\/wp\/v2\/comments?post=44"}],"version-history":[{"count":26,"href":"https:\/\/sites.ifkw.lmu.de\/mpaed2021\/wp-json\/wp\/v2\/pages\/44\/revisions"}],"predecessor-version":[{"id":471,"href":"https:\/\/sites.ifkw.lmu.de\/mpaed2021\/wp-json\/wp\/v2\/pages\/44\/revisions\/471"}],"wp:attachment":[{"href":"https:\/\/sites.ifkw.lmu.de\/mpaed2021\/wp-json\/wp\/v2\/media?parent=44"}],"curies":[{"name":"wp","href":"https:\/\/api.w.org\/{rel}","templated":true}]}}