{"id":16,"date":"2020-11-28T22:28:51","date_gmt":"2020-11-28T21:28:51","guid":{"rendered":"https:\/\/sites.ifkw.lmu.de\/mpaed2021\/?page_id=16"},"modified":"2021-10-25T17:13:06","modified_gmt":"2021-10-25T15:13:06","slug":"programm","status":"publish","type":"page","link":"https:\/\/sites.ifkw.lmu.de\/mpaed2021\/programm\/","title":{"rendered":"Programm"},"content":{"rendered":"\n<p>Das aktuelle Progarmm einschl. Links zu den Abstracts der Pr\u00e4sentationen und Zug\u00e4nge zu den R\u00e4umen finden Sie unter: <a href=\"https:\/\/www.conftool.com\/mpaed2021\/sessions.php\">https:\/\/www.conftool.com\/mpaed2021\/sessions.php<\/a><\/p>\n\n\n\n<p><\/p>\n\n\n\n<div style=\"height: 1200px;overflow: hidden;width: 95%\">\n\n<!-- iframe plugin v.6.0 wordpress.org\/plugins\/iframe\/ -->\n<iframe loading=\"lazy\" scrolling=\"yes\" style=\"position: absolute; width: 95%;\" src=\"https:\/\/www.conftool.com\/mpaed2021\/index.php?page=browseSessions&#038;print=yes&#038;presentations=hide\" name=\"Programm #mpaed2021\" allow=\"fullscreen\" height=\"1200px;\" frameborder=\"0\" width=\"100%\" class=\"iframe-class\"><\/iframe>\n\n<\/div>\n\n\n\n<p><\/p>\n","protected":false},"excerpt":{"rendered":"<p>Das aktuelle Progarmm einschl. Links zu den Abstracts der Pr\u00e4sentationen und Zug\u00e4nge zu den R\u00e4umen finden Sie unter: https:\/\/www.conftool.com\/mpaed2021\/sessions.php<\/p>\n","protected":false},"author":11,"featured_media":0,"parent":0,"menu_order":0,"comment_status":"closed","ping_status":"closed","template":"","meta":{"ngg_post_thumbnail":0,"footnotes":""},"class_list":["post-16","page","type-page","status-publish","hentry"],"_links":{"self":[{"href":"https:\/\/sites.ifkw.lmu.de\/mpaed2021\/wp-json\/wp\/v2\/pages\/16","targetHints":{"allow":["GET"]}}],"collection":[{"href":"https:\/\/sites.ifkw.lmu.de\/mpaed2021\/wp-json\/wp\/v2\/pages"}],"about":[{"href":"https:\/\/sites.ifkw.lmu.de\/mpaed2021\/wp-json\/wp\/v2\/types\/page"}],"author":[{"embeddable":true,"href":"https:\/\/sites.ifkw.lmu.de\/mpaed2021\/wp-json\/wp\/v2\/users\/11"}],"replies":[{"embeddable":true,"href":"https:\/\/sites.ifkw.lmu.de\/mpaed2021\/wp-json\/wp\/v2\/comments?post=16"}],"version-history":[{"count":29,"href":"https:\/\/sites.ifkw.lmu.de\/mpaed2021\/wp-json\/wp\/v2\/pages\/16\/revisions"}],"predecessor-version":[{"id":514,"href":"https:\/\/sites.ifkw.lmu.de\/mpaed2021\/wp-json\/wp\/v2\/pages\/16\/revisions\/514"}],"wp:attachment":[{"href":"https:\/\/sites.ifkw.lmu.de\/mpaed2021\/wp-json\/wp\/v2\/media?parent=16"}],"curies":[{"name":"wp","href":"https:\/\/api.w.org\/{rel}","templated":true}]}}