{"id":454,"date":"2019-06-11T05:29:00","date_gmt":"2019-06-11T05:29:00","guid":{"rendered":"http:\/\/sites.ifkw.lmu.de\/forchange\/?page_id=454"},"modified":"2019-06-11T05:29:00","modified_gmt":"2019-06-11T05:29:00","slug":"openness-and-change-of-legal-institutions","status":"publish","type":"page","link":"https:\/\/sites.ifkw.lmu.de\/forchange\/openness-and-change-of-legal-institutions\/","title":{"rendered":"Openness and change of legal institutions"},"content":{"rendered":"\n<h4 class=\"wp-block-heading\"><strong>The Rule of Law<\/strong>  <\/h4>\n\n\n\n<p>Prof. Dr. Richard Frensch<br>Prof. Dr. Herbert K\u00fcpper<br>Prof. Dr. Dres. h.c. Friedrich-Christian Schroeder<br>RAin Tina de Vries<br>Stela Ivanova, LL.M.<br>Dr. Miriam Frey<br>Unversit\u00e4t Regensburg, Institut f\u00fcr Ost- und S\u00fcdosteuropaforschung (IOS)<br>und Institut f\u00fcr Ostrecht (IOR), Regensburg<\/p>\n\n\n\n<p>The Rule of Law means that the legal system is the guideline for all other standards of conduct and takes priority in all relevant fields of social interaction. The economic perspective of the Rule of Law concentrates primarily on the stability and enforceability of contracts.<\/p>\n\n\n\n<p>Does the external liberalization of an economy have an impact on the country\u2019s Rule of Law, thereby influencing domestic norms and rules? How does opening up an economy affect the design of legal institutions \u2013 and hence social resilience?<\/p>\n\n\n\n<p>Right at the intersection between law and economics, we explore a society\u2019s degrees of freedom for institutional adjustment in times of the globalization of production: we specifically do so against the background of the transformation processes in Central and Eastern Europe. We analyze two types of contracts: (i) commercial contracts of sale, i.e., contracts for transactions which particularly depend on the degree of external liberalization, and (ii) employment contracts that, at least at first sight, are mostly implemented on regulated domestic markets.<\/p>\n\n\n\n<p>The complex processes of fragmented production are both highly dependent on the enforceability of contracts and provide incentives for the international relocation of production to different legal conditions. How do domestic legal institutions adapt to this new mobility? How do they react to changes in political and social institutions, which are also exposed to globalized processes of technological change? And how, in turn, do political institutions change under this pressure, including society\u2019s degrees of freedom for the design of institutions? The post-socialist transformations in Eastern Europe were chosen as the context of our research because the encompassing reorganization of state, law, economy and society in this region exemplifies the questions and problems we address in a very distinct manner.<\/p>\n","protected":false},"excerpt":{"rendered":"<p>The Rule of Law Prof. Dr. Richard FrenschProf. Dr. Herbert K\u00fcpperProf. Dr. Dres. h.c. Friedrich-Christian SchroederRAin Tina de VriesStela Ivanova, LL.M.Dr. Miriam FreyUnversit\u00e4t Regensburg, Institut f\u00fcr Ost- und S\u00fcdosteuropaforschung (IOS)und Institut f\u00fcr Ostrecht (IOR), Regensburg The Rule of Law means that the legal system is the guideline for all other standards of conduct and takes&hellip; <br \/> <a class=\"read-more\" href=\"https:\/\/sites.ifkw.lmu.de\/forchange\/openness-and-change-of-legal-institutions\/\">Read more<\/a><\/p>\n","protected":false},"author":3,"featured_media":0,"parent":0,"menu_order":0,"comment_status":"closed","ping_status":"closed","template":"","meta":{"ngg_post_thumbnail":0,"footnotes":""},"class_list":["post-454","page","type-page","status-publish","hentry"],"_links":{"self":[{"href":"https:\/\/sites.ifkw.lmu.de\/forchange\/wp-json\/wp\/v2\/pages\/454","targetHints":{"allow":["GET"]}}],"collection":[{"href":"https:\/\/sites.ifkw.lmu.de\/forchange\/wp-json\/wp\/v2\/pages"}],"about":[{"href":"https:\/\/sites.ifkw.lmu.de\/forchange\/wp-json\/wp\/v2\/types\/page"}],"author":[{"embeddable":true,"href":"https:\/\/sites.ifkw.lmu.de\/forchange\/wp-json\/wp\/v2\/users\/3"}],"replies":[{"embeddable":true,"href":"https:\/\/sites.ifkw.lmu.de\/forchange\/wp-json\/wp\/v2\/comments?post=454"}],"version-history":[{"count":2,"href":"https:\/\/sites.ifkw.lmu.de\/forchange\/wp-json\/wp\/v2\/pages\/454\/revisions"}],"predecessor-version":[{"id":529,"href":"https:\/\/sites.ifkw.lmu.de\/forchange\/wp-json\/wp\/v2\/pages\/454\/revisions\/529"}],"wp:attachment":[{"href":"https:\/\/sites.ifkw.lmu.de\/forchange\/wp-json\/wp\/v2\/media?parent=454"}],"curies":[{"name":"wp","href":"https:\/\/api.w.org\/{rel}","templated":true}]}}