{"id":219,"date":"2020-12-06T10:54:49","date_gmt":"2020-12-06T10:54:49","guid":{"rendered":"https:\/\/sites.ifkw.lmu.de\/RezFo21\/?page_id=219"},"modified":"2020-12-06T10:57:07","modified_gmt":"2020-12-06T10:57:07","slug":"mindline-media-award","status":"publish","type":"page","link":"https:\/\/sites.ifkw.lmu.de\/RezFo21\/mindline-media-award\/","title":{"rendered":"mindline media-Award"},"content":{"rendered":"<h1>mindline media-Award<\/h1>\n<div>\n<p>Die mindline media GmbH zusammen mit der Norstat Deutschland GmbH unterst\u00fctzt die Fachgruppe ab sofort bei der Nachwuchsf\u00f6rderung. Erstmals werden im Rahmen der Jahrestagung 2021 drei Awards vergeben, um herausragende Absolvent*innen und Doktorand*innen der Publizistik- und Kommunikationswissenschaft f\u00fcr besonders anspruchsvolle oder innovative Arbeiten im Bereich der Rezeptions- und Wirkungsforschung auszuzeichnen.<\/p>\n<p>Es qualifizieren sich Einreichungen, die von einem oder mehreren Autor*innen verfasst wurden, die noch nicht promoviert sind. Eingereicht werden k\u00f6nnen Abschlussarbeiten (BA und MA) sowie Teilprojekte der Dissertation. Die Preistr\u00e4ger*innen erhalten die Gelegenheit, Fragen in den mindline Media Intelligence Bus einzuschalten (Repr\u00e4sentative Onlinebefragung mit monatlich N = 1.000 Personen zwischen 14 und 69 Jahren). Durch den mindline media-Award soll es den Preistr\u00e4ger*innen erm\u00f6glicht werden, ihre pr\u00e4mierten Arbeiten zu replizieren oder auszuweiten, d.h. die Fragen, die in den mindline Media Intelligence Bus eingeschaltet werden, m\u00fcssen in engem inhaltlichem Bezug zur Abschlussarbeit\/dem Teilprojekt der Dissertation stehen.<\/p>\n<p>Einreichungen k\u00f6nnen bis zum 15.10. per E-Mail an Frank Mangold (<a href=\"mailto:mangold@uni-hohenheim.de\">mangold@uni-hohenheim.de<\/a>) gesendet werden. N\u00e4here Informationen k\u00f6nnen dem PDF entnommen werden.<\/p>\n<\/div>\n<div>\n<h3>mindline media-Award<\/h3>\n<div>\n<p>Ausschreibung als PDF herunterladen<\/p>\n<\/div>\n<p><a href=\"\/RezFo21\/wp-content\/uploads\/sites\/5\/2020\/08\/Ausschreibung_Mindline_Media_Award.pdf\"><\/a><\/p>\n<\/div>\n<p><!-- {\"type\":\"layout\",\"children\":[{\"type\":\"section\",\"props\":{\"style\":\"default\",\"width\":\"default\",\"vertical_align\":\"middle\",\"title_position\":\"top-left\",\"title_rotation\":\"left\",\"title_breakpoint\":\"xl\",\"image_position\":\"center-center\"},\"children\":[{\"type\":\"row\",\"children\":[{\"type\":\"column\",\"props\":{\"image_position\":\"center-center\",\"media_overlay_gradient\":\"\"},\"children\":[{\"type\":\"headline\",\"props\":{\"title_element\":\"h1\",\"content\":\"mindline media-Award\",\"title_decoration\":\"line\"}},{\"type\":\"text\",\"props\":{\"margin\":\"default\",\"column_breakpoint\":\"m\",\"content\":\"\n\n<p>Die mindline media GmbH zusammen mit der Norstat Deutschland GmbH unterst\\u00fctzt die Fachgruppe ab sofort bei der Nachwuchsf\\u00f6rderung. Erstmals werden im Rahmen der Jahrestagung 2021 drei Awards vergeben, um herausragende Absolvent*innen und Doktorand*innen der Publizistik- und Kommunikationswissenschaft f\\u00fcr besonders anspruchsvolle oder innovative Arbeiten im Bereich der Rezeptions- und Wirkungsforschung auszuzeichnen.<\\\/p>\\n\n\n<p>Es qualifizieren sich Einreichungen, die von einem oder mehreren Autor*innen verfasst wurden, die noch nicht promoviert sind. Eingereicht werden k\\u00f6nnen Abschlussarbeiten (BA und MA) sowie Teilprojekte der Dissertation. Die Preistr\\u00e4ger*innen erhalten die Gelegenheit, Fragen in den mindline Media Intelligence Bus einzuschalten (Repr\\u00e4sentative Onlinebefragung mit monatlich N = 1.000 Personen zwischen 14 und 69 Jahren). Durch den mindline media-Award soll es den Preistr\\u00e4ger*innen erm\\u00f6glicht werden, ihre pr\\u00e4mierten Arbeiten zu replizieren oder auszuweiten, d.h. die Fragen, die in den mindline Media Intelligence Bus eingeschaltet werden, m\\u00fcssen in engem inhaltlichem Bezug zur Abschlussarbeit\\\/dem Teilprojekt der Dissertation stehen.<\\\/p>\\n\n\n<p>Einreichungen k\\u00f6nnen bis zum 15.10. per E-Mail an Frank Mangold (<a href=\\\"mailto:mangold@uni-hohenheim.de\\\">mangold@uni-hohenheim.de<\\\/a>) gesendet werden. N\\u00e4here Informationen k\\u00f6nnen dem PDF entnommen werden.<\\\/p>\",\"column\":\"1-2\"}}]}]},{\"type\":\"row\",\"props\":{\"layout\":\"1-2,1-2\"},\"children\":[{\"type\":\"column\",\"props\":{\"image_position\":\"center-center\",\"media_overlay_gradient\":\"\",\"width_medium\":\"1-2\"},\"children\":[{\"type\":\"panel\",\"props\":{\"link_text\":\"\",\"title_hover_style\":\"reset\",\"title_element\":\"h3\",\"title_align\":\"top\",\"title_grid_width\":\"1-2\",\"title_grid_breakpoint\":\"m\",\"meta_style\":\"meta\",\"meta_align\":\"below-title\",\"meta_element\":\"div\",\"content_column_breakpoint\":\"m\",\"icon_width\":80,\"image_align\":\"left\",\"image_grid_width\":\"small\",\"image_grid_breakpoint\":\"s\",\"image_svg_color\":\"emphasis\",\"link_style\":\"default\",\"margin\":\"default\",\"title\":\"mindline media-Award\",\"content\":\"\n\n<p>Ausschreibung als PDF herunterladen<\\\/p>\",\"icon\":\"file-pdf\",\"link\":\"wp-content\\\/uploads\\\/sites\\\/5\\\/2020\\\/08\\\/Ausschreibung_Mindline_Media_Award.pdf\",\"panel_link\":true,\"content_margin\":\"remove\",\"icon_color\":\"primary\",\"panel_style\":\"card-default\",\"panel_size\":\"small\"}}]},{\"type\":\"column\",\"props\":{\"image_position\":\"center-center\",\"media_overlay_gradient\":\"\",\"width_medium\":\"1-2\"},\"children\":[]}]}]}],\"version\":\"2.2.2\"} --><\/p>\n","protected":false},"excerpt":{"rendered":"<p>mindline media-Award Die mindline media GmbH zusammen mit der Norstat Deutschland GmbH unterst\u00fctzt die Fachgruppe ab sofort bei der Nachwuchsf\u00f6rderung. Erstmals werden im Rahmen der Jahrestagung 2021 drei Awards vergeben, um herausragende Absolvent*innen und Doktorand*innen der Publizistik- und Kommunikationswissenschaft f\u00fcr besonders anspruchsvolle oder innovative Arbeiten im Bereich der Rezeptions- und Wirkungsforschung auszuzeichnen. Es qualifizieren sich [&hellip;]<\/p>\n","protected":false},"author":173,"featured_media":0,"parent":0,"menu_order":0,"comment_status":"closed","ping_status":"closed","template":"","meta":{"ngg_post_thumbnail":0,"footnotes":""},"class_list":["post-219","page","type-page","status-publish","hentry"],"_links":{"self":[{"href":"https:\/\/sites.ifkw.lmu.de\/RezFo21\/wp-json\/wp\/v2\/pages\/219","targetHints":{"allow":["GET"]}}],"collection":[{"href":"https:\/\/sites.ifkw.lmu.de\/RezFo21\/wp-json\/wp\/v2\/pages"}],"about":[{"href":"https:\/\/sites.ifkw.lmu.de\/RezFo21\/wp-json\/wp\/v2\/types\/page"}],"author":[{"embeddable":true,"href":"https:\/\/sites.ifkw.lmu.de\/RezFo21\/wp-json\/wp\/v2\/users\/173"}],"replies":[{"embeddable":true,"href":"https:\/\/sites.ifkw.lmu.de\/RezFo21\/wp-json\/wp\/v2\/comments?post=219"}],"version-history":[{"count":4,"href":"https:\/\/sites.ifkw.lmu.de\/RezFo21\/wp-json\/wp\/v2\/pages\/219\/revisions"}],"predecessor-version":[{"id":224,"href":"https:\/\/sites.ifkw.lmu.de\/RezFo21\/wp-json\/wp\/v2\/pages\/219\/revisions\/224"}],"wp:attachment":[{"href":"https:\/\/sites.ifkw.lmu.de\/RezFo21\/wp-json\/wp\/v2\/media?parent=219"}],"curies":[{"name":"wp","href":"https:\/\/api.w.org\/{rel}","templated":true}]}}